{"id":2,"date":"2021-01-20T02:53:00","date_gmt":"2021-01-20T02:53:00","guid":{"rendered":"https:\/\/fernandezgoico.com\/?page_id=2"},"modified":"2024-03-12T13:51:51","modified_gmt":"2024-03-12T13:51:51","slug":"home","status":"publish","type":"page","link":"https:\/\/fernandezgoico.com\/en\/","title":{"rendered":"home"},"content":{"rendered":"<section class=\"l-section wpb_row us_custom_f5e0e994 height_full valign_top color_primary with_overlay with_shape\"><div class=\"l-section-overlay\" style=\"background: rgba(26,26,26,0.30)\"><\/div><div class=\"l-section-shape type_triangle-2-inv pos_bottom on_front\" style=\"color:#7faab0;height:10vh;\"><svg xmlns=\"http:\/\/www.w3.org\/2000\/svg\" viewbox=\"0 0 64 8\" preserveaspectratio=\"none\" width=\"100%\" height=\"100%\">\r\n\t<path fill=\"currentColor\" d=\"M64 9 L0 9 L0 7.9 L48 0 L64 7.9 Z\"\/>\r\n<\/svg><\/div><div class=\"l-section-h i-cf\"><div class=\"g-cols vc_row type_default valign_top\"><div class=\"vc_col-sm-6 wpb_column vc_column_container\"><div class=\"vc_column-inner us_custom_7965e104\"><div class=\"wpb_wrapper\"><div class=\"w-image us_custom_eb849559 align_center\"><div class=\"w-image-h\"><img decoding=\"async\" src=\"https:\/\/fernandezgoico.com\/wp-content\/uploads\/2021\/01\/logo-fg-w.svg\" class=\"attachment-full size-full\" alt=\"\" \/><\/div><\/div><div class=\"g-cols wpb_row  us_custom_c9d3b39d type_default valign_top vc_inner\"><div class=\"vc_col-sm-12 wpb_column vc_column_container\"><div class=\"vc_column-inner\"><div class=\"wpb_wrapper\"><div class=\"w-btn-wrapper width_full\"><a class=\"w-btn us-btn-style_4 us_custom_84d1287a agenda icon_atleft\" title=\"home\" href=\"https:\/\/fernandezgoico.com\/en\/form\/\"><i class=\"fas fa-pen\"><\/i><span class=\"w-btn-label\">Request an Evaluation<\/span><\/a><\/div><div class=\"w-btn-wrapper width_full\"><a class=\"w-btn us-btn-style_4 us_custom_84d1287a bmicalc icon_atleft\" href=\"https:\/\/wa.me\/18493568464\"><i class=\"fab fa-whatsapp\"><\/i><span class=\"w-btn-label\">Write to us via Whatsapp<\/span><\/a><\/div><div class=\"w-btn-wrapper width_full\"><a class=\"w-btn us-btn-style_4 info icon_atleft\" target=\"_blank\" href=\"mailto:contacto@fernandezgoico.com\" rel=\"noopener\"><i class=\"fas fa-envelope\"><\/i><span class=\"w-btn-label\">Send us an email<\/span><\/a><\/div><div class=\"w-btn-wrapper width_full\"><a class=\"w-btn us-btn-style_4 us_custom_84d1287a info icon_atleft\" title=\"Interviews\" target=\"_blank\" href=\"https:\/\/www.instagram.com\/FGplasticsurgery\/\" rel=\"noopener\"><i class=\"fab fa-instagram\"><\/i><span class=\"w-btn-label\">Follow our Pre \/ Post Gallery<\/span><\/a><\/div><div class=\"w-btn-wrapper width_full\"><a class=\"w-btn us-btn-style_4 us_custom_84d1287a info icon_atleft\" href=\"https:\/\/www.youtube.com\/channel\/UCxEANCy4tzQ0Qk7iGUjdsaw\/videos\"><i class=\"fas fa-play\"><\/i><span class=\"w-btn-label\">Visit our Youtube Channel<\/span><\/a><\/div><div class=\"w-btn-wrapper width_full\"><a class=\"w-btn us-btn-style_4 us_custom_84d1287a info icon_atleft\" title=\"Interviews\" href=\"https:\/\/waze.com\/ul\/hd7q30gs6e\"><i class=\"fab fa-waze\"><\/i><span class=\"w-btn-label\">DIRECTIONS WITH WAZE<\/span><\/a><\/div><\/div><\/div><\/div><\/div><div class=\"w-separator size_custom\" style=\"height:20px\"><\/div><div class=\"w-socials us_custom_b96a51f6 color_link shape_none\"><div class=\"w-socials-list\"><div class=\"w-socials-item instagram\"><a class=\"w-socials-item-link\" href=\"https:\/\/www.instagram.com\/drfernandezgoico\/\" target=\"_blank\" rel=\"noopener nofollow\" title=\"Instagram\" aria-label=\"Instagram\"><span class=\"w-socials-item-link-hover\"><\/span><i class=\"fab fa-instagram\"><\/i><\/a><\/div><div class=\"w-socials-item custom\"><a class=\"w-socials-item-link\" href=\"tel:809-565-0938\" target=\"_blank\" rel=\"noopener nofollow\" title=\"809-732-9400\" aria-label=\"809-732-9400\"><span class=\"w-socials-item-link-hover\" style=\"background:#ffffff;\"><\/span><i class=\"fas fa-phone\"><\/i><\/a><\/div><div class=\"w-socials-item custom\"><a class=\"w-socials-item-link\" href=\"https:\/\/waze.com\/ul\/hd7q30gs6e\" target=\"_blank\" rel=\"noopener nofollow\" title=\"Title\" aria-label=\"Title\"><span class=\"w-socials-item-link-hover\" style=\"background:var(--color-content-faded);\"><\/span><i class=\"fab fa-waze\"><\/i><\/a><\/div><div class=\"w-socials-item custom\"><a class=\"w-socials-item-link\" href=\"https:\/\/goo.gl\/maps\/cyDekpw65WLeMnqBA\" target=\"_blank\" rel=\"noopener nofollow\" title=\"809-732-9400\" aria-label=\"809-732-9400\"><span class=\"w-socials-item-link-hover\" style=\"background:#ffffff;\"><\/span><i class=\"fas fa-map-marker\"><\/i><\/a><\/div><div class=\"w-socials-item youtube\"><a class=\"w-socials-item-link\" href=\"https:\/\/www.youtube.com\/channel\/UCxEANCy4tzQ0Qk7iGUjdsaw\/videos\" target=\"_blank\" rel=\"noopener nofollow\" title=\"Youtube\" aria-label=\"Youtube\"><span class=\"w-socials-item-link-hover\"><\/span><i class=\"fab fa-youtube\"><\/i><\/a><\/div><\/div><\/div><\/div><\/div><\/div><div class=\"vc_col-sm-6 wpb_column vc_column_container\"><div class=\"vc_column-inner\"><div class=\"wpb_wrapper\"><\/div><\/div><\/div><\/div><\/div><\/section>","protected":false},"excerpt":{"rendered":"Solicita una Evaluaci\u00f3nEscr\u00edbenos por WhatsappEnv\u00edanos un correoFollow our Pre \/ Post GalleryVisita Nuestro Canal de YoutubeDIRECCIONES CON WAZE","protected":false},"author":1,"featured_media":17,"parent":0,"menu_order":0,"comment_status":"closed","ping_status":"closed","template":"","meta":{"inline_featured_image":false,"footnotes":""},"class_list":["post-2","page","type-page","status-publish","has-post-thumbnail","hentry"],"_links":{"self":[{"href":"https:\/\/fernandezgoico.com\/en\/wp-json\/wp\/v2\/pages\/2","targetHints":{"allow":["GET"]}}],"collection":[{"href":"https:\/\/fernandezgoico.com\/en\/wp-json\/wp\/v2\/pages"}],"about":[{"href":"https:\/\/fernandezgoico.com\/en\/wp-json\/wp\/v2\/types\/page"}],"author":[{"embeddable":true,"href":"https:\/\/fernandezgoico.com\/en\/wp-json\/wp\/v2\/users\/1"}],"replies":[{"embeddable":true,"href":"https:\/\/fernandezgoico.com\/en\/wp-json\/wp\/v2\/comments?post=2"}],"version-history":[{"count":0,"href":"https:\/\/fernandezgoico.com\/en\/wp-json\/wp\/v2\/pages\/2\/revisions"}],"wp:featuredmedia":[{"embeddable":true,"href":"https:\/\/fernandezgoico.com\/en\/wp-json\/wp\/v2\/media\/17"}],"wp:attachment":[{"href":"https:\/\/fernandezgoico.com\/en\/wp-json\/wp\/v2\/media?parent=2"}],"curies":[{"name":"wp","href":"https:\/\/api.w.org\/{rel}","templated":true}]}}